{"id":167,"date":"2025-08-13T09:34:51","date_gmt":"2025-08-13T09:34:51","guid":{"rendered":"http:\/\/newday.bar\/?page_id=167"},"modified":"2025-08-16T09:03:41","modified_gmt":"2025-08-16T09:03:41","slug":"directors","status":"publish","type":"page","link":"https:\/\/demos.uniqeurope.com\/newday\/directors\/","title":{"rendered":"Directors"},"content":{"rendered":"<div class=\"wp-block-kadence-posts kb-posts kb-posts-id-167_c2cae2-af content-wrap grid-cols kb-posts-style-unboxed grid-sm-col-2 grid-lg-col-4 item-image-style-above  members-box\"><article class=\"entry content-bg loop-entry post-364 team type-team status-publish has-post-thumbnail hentry category-directors\">\n\t\t\t<a class=\"post-thumbnail kadence-thumbnail-ratio-5-4\" href=\"https:\/\/demos.uniqeurope.com\/newday\/team\/ismail-sabotic\/\">\n\t\t\t<div class=\"post-thumbnail-inner\">\n\t\t\t\t<img loading=\"lazy\" decoding=\"async\" width=\"231\" height=\"287\" src=\"https:\/\/demos.uniqeurope.com\/newday\/wp-content\/uploads\/2025\/08\/ismail.avif\" class=\"attachment-medium_large size-medium_large wp-post-image\" alt=\"\u0130smail Saboti\u00e7\" \/>\t\t\t<\/div>\n\t\t<\/a><!-- .post-thumbnail -->\n\t\t\t<div class=\"entry-content-wrap\">\n\t\t<header class=\"entry-header\">\n\t<h2 class=\"entry-title\"><a href=\"https:\/\/demos.uniqeurope.com\/newday\/team\/ismail-sabotic\/\" rel=\"bookmark\">\u0130smail Saboti\u00e7<\/a><\/h2><\/header><!-- .entry-header -->\n<footer class=\"entry-footer\">\n\t<\/footer><!-- .entry-footer -->\t<\/div>\n<\/article>\n<article class=\"entry content-bg loop-entry post-362 team type-team status-publish has-post-thumbnail hentry category-directors\">\n\t\t\t<a class=\"post-thumbnail kadence-thumbnail-ratio-5-4\" href=\"https:\/\/demos.uniqeurope.com\/newday\/team\/can-gunertengil\/\">\n\t\t\t<div class=\"post-thumbnail-inner\">\n\t\t\t\t<img loading=\"lazy\" decoding=\"async\" width=\"231\" height=\"289\" src=\"https:\/\/demos.uniqeurope.com\/newday\/wp-content\/uploads\/2025\/08\/can.avif\" class=\"attachment-medium_large size-medium_large wp-post-image\" alt=\"Can G\u00fcnertengil\" \/>\t\t\t<\/div>\n\t\t<\/a><!-- .post-thumbnail -->\n\t\t\t<div class=\"entry-content-wrap\">\n\t\t<header class=\"entry-header\">\n\t<h2 class=\"entry-title\"><a href=\"https:\/\/demos.uniqeurope.com\/newday\/team\/can-gunertengil\/\" rel=\"bookmark\">Can G\u00fcnertengil<\/a><\/h2><\/header><!-- .entry-header -->\n<footer class=\"entry-footer\">\n\t<\/footer><!-- .entry-footer -->\t<\/div>\n<\/article>\n<article class=\"entry content-bg loop-entry post-360 team type-team status-publish has-post-thumbnail hentry category-directors\">\n\t\t\t<a class=\"post-thumbnail kadence-thumbnail-ratio-5-4\" href=\"https:\/\/demos.uniqeurope.com\/newday\/team\/osman-cetinkaya\/\">\n\t\t\t<div class=\"post-thumbnail-inner\">\n\t\t\t\t<img loading=\"lazy\" decoding=\"async\" width=\"231\" height=\"287\" src=\"https:\/\/demos.uniqeurope.com\/newday\/wp-content\/uploads\/2025\/08\/78706654_288x288.avif\" class=\"attachment-medium_large size-medium_large wp-post-image\" alt=\"Osman \u00c7etinkaya\" \/>\t\t\t<\/div>\n\t\t<\/a><!-- .post-thumbnail -->\n\t\t\t<div class=\"entry-content-wrap\">\n\t\t<header class=\"entry-header\">\n\t<h2 class=\"entry-title\"><a href=\"https:\/\/demos.uniqeurope.com\/newday\/team\/osman-cetinkaya\/\" rel=\"bookmark\">Osman \u00c7etinkaya<\/a><\/h2><\/header><!-- .entry-header -->\n<footer class=\"entry-footer\">\n\t<\/footer><!-- .entry-footer -->\t<\/div>\n<\/article>\n<article class=\"entry content-bg loop-entry post-268 team type-team status-publish has-post-thumbnail hentry category-directors\">\n\t\t\t<a class=\"post-thumbnail kadence-thumbnail-ratio-5-4\" href=\"https:\/\/demos.uniqeurope.com\/newday\/team\/baris-murathanoglu\/\">\n\t\t\t<div class=\"post-thumbnail-inner\">\n\t\t\t\t<img loading=\"lazy\" decoding=\"async\" width=\"231\" height=\"287\" src=\"https:\/\/demos.uniqeurope.com\/newday\/wp-content\/uploads\/2025\/08\/eaf8d94215c8e171518afe834de0b7a6_400x400.avif\" class=\"attachment-medium_large size-medium_large wp-post-image\" alt=\"Bar\u0131\u015f Murathano\u011flu\" \/>\t\t\t<\/div>\n\t\t<\/a><!-- .post-thumbnail -->\n\t\t\t<div class=\"entry-content-wrap\">\n\t\t<header class=\"entry-header\">\n\t<h2 class=\"entry-title\"><a href=\"https:\/\/demos.uniqeurope.com\/newday\/team\/baris-murathanoglu\/\" rel=\"bookmark\">Bar\u0131\u015f Murathano\u011flu<\/a><\/h2><\/header><!-- .entry-header -->\n<footer class=\"entry-footer\">\n\t<\/footer><!-- .entry-footer -->\t<\/div>\n<\/article>\n<\/div>","protected":false},"excerpt":{"rendered":"","protected":false},"author":1,"featured_media":0,"parent":0,"menu_order":0,"comment_status":"closed","ping_status":"closed","template":"","meta":{"_acf_changed":false,"footnotes":""},"class_list":["post-167","page","type-page","status-publish","hentry"],"acf":[],"mb":[],"mfb_rest_fields":["title"],"_links":{"self":[{"href":"https:\/\/demos.uniqeurope.com\/newday\/wp-json\/wp\/v2\/pages\/167","targetHints":{"allow":["GET"]}}],"collection":[{"href":"https:\/\/demos.uniqeurope.com\/newday\/wp-json\/wp\/v2\/pages"}],"about":[{"href":"https:\/\/demos.uniqeurope.com\/newday\/wp-json\/wp\/v2\/types\/page"}],"author":[{"embeddable":true,"href":"https:\/\/demos.uniqeurope.com\/newday\/wp-json\/wp\/v2\/users\/1"}],"replies":[{"embeddable":true,"href":"https:\/\/demos.uniqeurope.com\/newday\/wp-json\/wp\/v2\/comments?post=167"}],"version-history":[{"count":6,"href":"https:\/\/demos.uniqeurope.com\/newday\/wp-json\/wp\/v2\/pages\/167\/revisions"}],"predecessor-version":[{"id":305,"href":"https:\/\/demos.uniqeurope.com\/newday\/wp-json\/wp\/v2\/pages\/167\/revisions\/305"}],"wp:attachment":[{"href":"https:\/\/demos.uniqeurope.com\/newday\/wp-json\/wp\/v2\/media?parent=167"}],"curies":[{"name":"wp","href":"https:\/\/api.w.org\/{rel}","templated":true}]}}