{"id":177,"date":"2025-08-13T10:12:51","date_gmt":"2025-08-13T10:12:51","guid":{"rendered":"http:\/\/newday.bar\/?page_id=177"},"modified":"2025-08-20T06:43:59","modified_gmt":"2025-08-20T06:43:59","slug":"music-videos","status":"publish","type":"page","link":"https:\/\/demos.uniqeurope.com\/newday\/music-videos\/","title":{"rendered":"Music Videos"},"content":{"rendered":"\n<div class=\"wp-block-group has-global-padding is-layout-constrained wp-container-core-group-is-layout-9fc25847 wp-block-group-is-layout-constrained\" style=\"padding-right:var(--wp--preset--spacing--50);padding-left:var(--wp--preset--spacing--50)\"><div class=\"wp-block-kadence-posts kb-posts kb-posts-id-177_d181c9-ae content-wrap grid-cols kb-posts-style-unboxed grid-sm-col-2 grid-lg-col-3 item-image-style-above  page-videos-top\"><article class=\"entry content-bg loop-entry post-460 video type-video status-publish has-post-thumbnail hentry category-music-videos\">\n\t\t\t<a class=\"post-thumbnail kadence-thumbnail-ratio-9-16\" href=\"https:\/\/demos.uniqeurope.com\/newday\/video\/gece-kalbe-kordugum\/\">\n\t\t\t<div class=\"post-thumbnail-inner\">\n\t\t\t\t<img loading=\"lazy\" decoding=\"async\" width=\"768\" height=\"407\" src=\"https:\/\/demos.uniqeurope.com\/newday\/wp-content\/uploads\/2025\/08\/gece-1-768x407.png\" class=\"attachment-medium_large size-medium_large wp-post-image\" alt=\"Gece &#8211; Kalbe K\u00f6rd\u00fc\u011f\u00fcm\" srcset=\"https:\/\/demos.uniqeurope.com\/newday\/wp-content\/uploads\/2025\/08\/gece-1-768x407.png 768w, https:\/\/demos.uniqeurope.com\/newday\/wp-content\/uploads\/2025\/08\/gece-1-300x159.png 300w, https:\/\/demos.uniqeurope.com\/newday\/wp-content\/uploads\/2025\/08\/gece-1-1024x542.png 1024w, https:\/\/demos.uniqeurope.com\/newday\/wp-content\/uploads\/2025\/08\/gece-1-1536x814.png 1536w, https:\/\/demos.uniqeurope.com\/newday\/wp-content\/uploads\/2025\/08\/gece-1-2048x1085.png 2048w\" sizes=\"auto, (max-width: 768px) 100vw, 768px\" \/>\t\t\t<\/div>\n\t\t<\/a><!-- .post-thumbnail -->\n\t\t\t<div class=\"entry-content-wrap\">\n\t\t<header class=\"entry-header\">\n\t<h2 class=\"entry-title\"><a href=\"https:\/\/demos.uniqeurope.com\/newday\/video\/gece-kalbe-kordugum\/\" rel=\"bookmark\">Gece &#8211; Kalbe K\u00f6rd\u00fc\u011f\u00fcm<\/a><\/h2>\t<div class=\"entry-meta entry-meta-divider-dot\">\n\t\t\t\t<span class=\"posted-on\">\n\t\t\t\t<time class=\"entry-date published\" datetime=\"2025-08-16T14:14:54+00:00\">August 16, 2025<\/time><time class=\"updated\" datetime=\"2025-08-20T06:43:20+00:00\">August 20, 2025<\/time>\t\t\t<\/span>\n\t\t\t\t<\/div><!-- .entry-meta -->\n\t<\/header><!-- .entry-header -->\n<footer class=\"entry-footer\">\n\t<\/footer><!-- .entry-footer -->\t<\/div>\n<\/article>\n<article class=\"entry content-bg loop-entry post-464 video type-video status-publish has-post-thumbnail hentry category-music-videos\">\n\t\t\t<a class=\"post-thumbnail kadence-thumbnail-ratio-9-16\" href=\"https:\/\/demos.uniqeurope.com\/newday\/video\/aeroplane-we-cant-fly\/\">\n\t\t\t<div class=\"post-thumbnail-inner\">\n\t\t\t\t<img loading=\"lazy\" decoding=\"async\" width=\"768\" height=\"431\" src=\"https:\/\/demos.uniqeurope.com\/newday\/wp-content\/uploads\/2025\/08\/aeroplane-768x431.png\" class=\"attachment-medium_large size-medium_large wp-post-image\" alt=\"Aeroplane &#8211; We Can&#8217;t Fly\" srcset=\"https:\/\/demos.uniqeurope.com\/newday\/wp-content\/uploads\/2025\/08\/aeroplane-768x431.png 768w, https:\/\/demos.uniqeurope.com\/newday\/wp-content\/uploads\/2025\/08\/aeroplane-300x168.png 300w, https:\/\/demos.uniqeurope.com\/newday\/wp-content\/uploads\/2025\/08\/aeroplane-1024x575.png 1024w, https:\/\/demos.uniqeurope.com\/newday\/wp-content\/uploads\/2025\/08\/aeroplane-1536x863.png 1536w, https:\/\/demos.uniqeurope.com\/newday\/wp-content\/uploads\/2025\/08\/aeroplane-2048x1150.png 2048w\" sizes=\"auto, (max-width: 768px) 100vw, 768px\" \/>\t\t\t<\/div>\n\t\t<\/a><!-- .post-thumbnail -->\n\t\t\t<div class=\"entry-content-wrap\">\n\t\t<header class=\"entry-header\">\n\t<h2 class=\"entry-title\"><a href=\"https:\/\/demos.uniqeurope.com\/newday\/video\/aeroplane-we-cant-fly\/\" rel=\"bookmark\">Aeroplane &#8211; We Can&#8217;t Fly<\/a><\/h2>\t<div class=\"entry-meta entry-meta-divider-dot\">\n\t\t\t\t<span class=\"posted-on\">\n\t\t\t\t<time class=\"entry-date published\" datetime=\"2025-08-16T14:18:39+00:00\">August 16, 2025<\/time><time class=\"updated\" datetime=\"2025-08-16T14:19:51+00:00\">August 16, 2025<\/time>\t\t\t<\/span>\n\t\t\t\t<\/div><!-- .entry-meta -->\n\t<\/header><!-- .entry-header -->\n<footer class=\"entry-footer\">\n\t<\/footer><!-- .entry-footer -->\t<\/div>\n<\/article>\n<\/div><\/div>\n","protected":false},"excerpt":{"rendered":"","protected":false},"author":1,"featured_media":0,"parent":0,"menu_order":0,"comment_status":"closed","ping_status":"closed","template":"","meta":{"_acf_changed":false,"footnotes":""},"class_list":["post-177","page","type-page","status-publish","hentry"],"acf":[],"mb":[],"mfb_rest_fields":["title"],"_links":{"self":[{"href":"https:\/\/demos.uniqeurope.com\/newday\/wp-json\/wp\/v2\/pages\/177","targetHints":{"allow":["GET"]}}],"collection":[{"href":"https:\/\/demos.uniqeurope.com\/newday\/wp-json\/wp\/v2\/pages"}],"about":[{"href":"https:\/\/demos.uniqeurope.com\/newday\/wp-json\/wp\/v2\/types\/page"}],"author":[{"embeddable":true,"href":"https:\/\/demos.uniqeurope.com\/newday\/wp-json\/wp\/v2\/users\/1"}],"replies":[{"embeddable":true,"href":"https:\/\/demos.uniqeurope.com\/newday\/wp-json\/wp\/v2\/comments?post=177"}],"version-history":[{"count":9,"href":"https:\/\/demos.uniqeurope.com\/newday\/wp-json\/wp\/v2\/pages\/177\/revisions"}],"predecessor-version":[{"id":477,"href":"https:\/\/demos.uniqeurope.com\/newday\/wp-json\/wp\/v2\/pages\/177\/revisions\/477"}],"wp:attachment":[{"href":"https:\/\/demos.uniqeurope.com\/newday\/wp-json\/wp\/v2\/media?parent=177"}],"curies":[{"name":"wp","href":"https:\/\/api.w.org\/{rel}","templated":true}]}}