{"id":2,"date":"2025-08-11T08:55:16","date_gmt":"2025-08-11T08:55:16","guid":{"rendered":"http:\/\/newday.bar\/?page_id=2"},"modified":"2025-08-20T06:45:58","modified_gmt":"2025-08-20T06:45:58","slug":"sample-page","status":"publish","type":"page","link":"https:\/\/demos.uniqeurope.com\/newday\/","title":{"rendered":"Home Page"},"content":{"rendered":"<div class=\"wp-block-kadence-posts kb-posts kb-posts-id-2_0deaf2-05 content-wrap grid-cols kb-posts-style-unboxed grid-sm-col-1 grid-lg-col-1 item-image-style-above  home-video-featured\"><article class=\"entry content-bg loop-entry post-433 video type-video status-publish has-post-thumbnail hentry category-commercials category-featured\">\n\t\t\t<a class=\"post-thumbnail kadence-thumbnail-ratio-1-2\" href=\"https:\/\/demos.uniqeurope.com\/newday\/video\/trendyol-yemek-kofteci-yusuf-tvc\/\">\n\t\t\t<div class=\"post-thumbnail-inner\">\n\t\t\t\t<img loading=\"lazy\" decoding=\"async\" width=\"1909\" height=\"1015\" src=\"https:\/\/demos.uniqeurope.com\/newday\/wp-content\/uploads\/2025\/08\/kofteciyusuf.png\" class=\"attachment-full size-full wp-post-image\" alt=\"Trendyol Yemek &#8211; K\u00f6fteci Yusuf ( TVC)\" srcset=\"https:\/\/demos.uniqeurope.com\/newday\/wp-content\/uploads\/2025\/08\/kofteciyusuf.png 1909w, https:\/\/demos.uniqeurope.com\/newday\/wp-content\/uploads\/2025\/08\/kofteciyusuf-300x160.png 300w, https:\/\/demos.uniqeurope.com\/newday\/wp-content\/uploads\/2025\/08\/kofteciyusuf-1024x544.png 1024w, https:\/\/demos.uniqeurope.com\/newday\/wp-content\/uploads\/2025\/08\/kofteciyusuf-768x408.png 768w, https:\/\/demos.uniqeurope.com\/newday\/wp-content\/uploads\/2025\/08\/kofteciyusuf-1536x817.png 1536w\" sizes=\"auto, (max-width: 1909px) 100vw, 1909px\" \/>\t\t\t<\/div>\n\t\t<\/a><!-- .post-thumbnail -->\n\t\t\t<div class=\"entry-content-wrap\">\n\t\t<header class=\"entry-header\">\n\t<h2 class=\"entry-title\"><a href=\"https:\/\/demos.uniqeurope.com\/newday\/video\/trendyol-yemek-kofteci-yusuf-tvc\/\" rel=\"bookmark\">Trendyol Yemek &#8211; K\u00f6fteci Yusuf ( TVC)<\/a><\/h2>\t<div class=\"entry-meta entry-meta-divider-dot\">\n\t\t<\/div><!-- .entry-meta -->\n\t<\/header><!-- .entry-header -->\n<footer class=\"entry-footer\">\n\t\t\t<div class=\"entry-actions\">\n\t\t\t<p class=\"more-link-wrap\">\n\t\t\t\t<a href=\"https:\/\/demos.uniqeurope.com\/newday\/video\/trendyol-yemek-kofteci-yusuf-tvc\/\" class=\"post-more-link\">\n\t\t\t\t\tWatch<span class=\"screen-reader-text\"> Trendyol Yemek &#8211; K\u00f6fteci Yusuf ( TVC)<\/span><span class=\"kadence-svg-iconset svg-baseline\"><svg aria-hidden=\"true\" class=\"kadence-svg-icon kadence-arrow-right-alt-svg\" fill=\"currentColor\" version=\"1.1\" xmlns=\"http:\/\/www.w3.org\/2000\/svg\" width=\"27\" height=\"28\" viewBox=\"0 0 27 28\"><title>Continue<\/title><path d=\"M27 13.953c0 0.141-0.063 0.281-0.156 0.375l-6 5.531c-0.156 0.141-0.359 0.172-0.547 0.094-0.172-0.078-0.297-0.25-0.297-0.453v-3.5h-19.5c-0.281 0-0.5-0.219-0.5-0.5v-3c0-0.281 0.219-0.5 0.5-0.5h19.5v-3.5c0-0.203 0.109-0.375 0.297-0.453s0.391-0.047 0.547 0.078l6 5.469c0.094 0.094 0.156 0.219 0.156 0.359v0z\"><\/path>\n\t\t\t<\/svg><\/span>\t\t\t\t<\/a>\n\t\t\t<\/p>\n\t\t<\/div><!-- .entry-actions -->\n\t\t<\/footer><!-- .entry-footer -->\t<\/div>\n<\/article>\n<\/div>\n\n\n<div class=\"wp-block-group has-global-padding is-layout-constrained wp-container-core-group-is-layout-4f61a377 wp-block-group-is-layout-constrained\" style=\"padding-top:var(--wp--preset--spacing--40);padding-right:var(--wp--preset--spacing--40);padding-bottom:var(--wp--preset--spacing--40);padding-left:var(--wp--preset--spacing--40)\">\n<p class=\"section-subtitle has-small-font-size\" style=\"font-style:normal;font-weight:500\">LATEST<\/p>\n\n\n<div class=\"wp-block-kadence-posts kb-posts kb-posts-id-2_d8129d-8d content-wrap grid-cols kb-posts-style-unboxed grid-sm-col-2 grid-lg-col-4 item-image-style-above  home-videos-top\"><article class=\"entry content-bg loop-entry post-435 video type-video status-publish has-post-thumbnail hentry category-commercials\">\n\t\t\t<a class=\"post-thumbnail kadence-thumbnail-ratio-1-2\" href=\"https:\/\/demos.uniqeurope.com\/newday\/video\/new-life-efa-one-tvc\/\">\n\t\t\t<div class=\"post-thumbnail-inner\">\n\t\t\t\t<img loading=\"lazy\" decoding=\"async\" width=\"768\" height=\"352\" src=\"https:\/\/demos.uniqeurope.com\/newday\/wp-content\/uploads\/2025\/08\/newlife-768x352.png\" class=\"attachment-medium_large size-medium_large wp-post-image\" alt=\"New Life &#8211; Efa One ( TVC)\" srcset=\"https:\/\/demos.uniqeurope.com\/newday\/wp-content\/uploads\/2025\/08\/newlife-768x352.png 768w, https:\/\/demos.uniqeurope.com\/newday\/wp-content\/uploads\/2025\/08\/newlife-300x137.png 300w, https:\/\/demos.uniqeurope.com\/newday\/wp-content\/uploads\/2025\/08\/newlife-1024x469.png 1024w, https:\/\/demos.uniqeurope.com\/newday\/wp-content\/uploads\/2025\/08\/newlife-1536x703.png 1536w, https:\/\/demos.uniqeurope.com\/newday\/wp-content\/uploads\/2025\/08\/newlife-2048x938.png 2048w\" sizes=\"auto, (max-width: 768px) 100vw, 768px\" \/>\t\t\t<\/div>\n\t\t<\/a><!-- .post-thumbnail -->\n\t\t\t<div class=\"entry-content-wrap\">\n\t\t<header class=\"entry-header\">\n\t<h2 class=\"entry-title\"><a href=\"https:\/\/demos.uniqeurope.com\/newday\/video\/new-life-efa-one-tvc\/\" rel=\"bookmark\">New Life &#8211; Efa One ( TVC)<\/a><\/h2><\/header><!-- .entry-header -->\n<footer class=\"entry-footer\">\n\t<\/footer><!-- .entry-footer -->\t<\/div>\n<\/article>\n<article class=\"entry content-bg loop-entry post-438 video type-video status-publish has-post-thumbnail hentry category-commercials\">\n\t\t\t<a class=\"post-thumbnail kadence-thumbnail-ratio-1-2\" href=\"https:\/\/demos.uniqeurope.com\/newday\/video\/opet-yenileniyor-ultramarket\/\">\n\t\t\t<div class=\"post-thumbnail-inner\">\n\t\t\t\t<img loading=\"lazy\" decoding=\"async\" width=\"768\" height=\"463\" src=\"https:\/\/demos.uniqeurope.com\/newday\/wp-content\/uploads\/2025\/08\/opet-768x463.png\" class=\"attachment-medium_large size-medium_large wp-post-image\" alt=\"Opet Yenileniyor &#8211; Ultramarket\" srcset=\"https:\/\/demos.uniqeurope.com\/newday\/wp-content\/uploads\/2025\/08\/opet-768x463.png 768w, https:\/\/demos.uniqeurope.com\/newday\/wp-content\/uploads\/2025\/08\/opet-300x181.png 300w, https:\/\/demos.uniqeurope.com\/newday\/wp-content\/uploads\/2025\/08\/opet-1024x617.png 1024w, https:\/\/demos.uniqeurope.com\/newday\/wp-content\/uploads\/2025\/08\/opet-1536x926.png 1536w, https:\/\/demos.uniqeurope.com\/newday\/wp-content\/uploads\/2025\/08\/opet-2048x1234.png 2048w\" sizes=\"auto, (max-width: 768px) 100vw, 768px\" \/>\t\t\t<\/div>\n\t\t<\/a><!-- .post-thumbnail -->\n\t\t\t<div class=\"entry-content-wrap\">\n\t\t<header class=\"entry-header\">\n\t<h2 class=\"entry-title\"><a href=\"https:\/\/demos.uniqeurope.com\/newday\/video\/opet-yenileniyor-ultramarket\/\" rel=\"bookmark\">Opet Yenileniyor &#8211; Ultramarket<\/a><\/h2><\/header><!-- .entry-header -->\n<footer class=\"entry-footer\">\n\t<\/footer><!-- .entry-footer -->\t<\/div>\n<\/article>\n<article class=\"entry content-bg loop-entry post-441 video type-video status-publish has-post-thumbnail hentry category-commercials\">\n\t\t\t<a class=\"post-thumbnail kadence-thumbnail-ratio-1-2\" href=\"https:\/\/demos.uniqeurope.com\/newday\/video\/ancora-karadut-tvc\/\">\n\t\t\t<div class=\"post-thumbnail-inner\">\n\t\t\t\t<img loading=\"lazy\" decoding=\"async\" width=\"768\" height=\"364\" src=\"https:\/\/demos.uniqeurope.com\/newday\/wp-content\/uploads\/2025\/08\/ancora-768x364.png\" class=\"attachment-medium_large size-medium_large wp-post-image\" alt=\"Ancora &#8211; Karadut ( TVC)\" srcset=\"https:\/\/demos.uniqeurope.com\/newday\/wp-content\/uploads\/2025\/08\/ancora-768x364.png 768w, https:\/\/demos.uniqeurope.com\/newday\/wp-content\/uploads\/2025\/08\/ancora-300x142.png 300w, https:\/\/demos.uniqeurope.com\/newday\/wp-content\/uploads\/2025\/08\/ancora-1024x486.png 1024w, https:\/\/demos.uniqeurope.com\/newday\/wp-content\/uploads\/2025\/08\/ancora-1536x728.png 1536w, https:\/\/demos.uniqeurope.com\/newday\/wp-content\/uploads\/2025\/08\/ancora-2048x971.png 2048w\" sizes=\"auto, (max-width: 768px) 100vw, 768px\" \/>\t\t\t<\/div>\n\t\t<\/a><!-- .post-thumbnail -->\n\t\t\t<div class=\"entry-content-wrap\">\n\t\t<header class=\"entry-header\">\n\t<h2 class=\"entry-title\"><a href=\"https:\/\/demos.uniqeurope.com\/newday\/video\/ancora-karadut-tvc\/\" rel=\"bookmark\">Ancora &#8211; Karadut ( TVC)<\/a><\/h2><\/header><!-- .entry-header -->\n<footer class=\"entry-footer\">\n\t<\/footer><!-- .entry-footer -->\t<\/div>\n<\/article>\n<article class=\"entry content-bg loop-entry post-444 video type-video status-publish has-post-thumbnail hentry category-commercials\">\n\t\t\t<a class=\"post-thumbnail kadence-thumbnail-ratio-1-2\" href=\"https:\/\/demos.uniqeurope.com\/newday\/video\/pubinno-smart-clean\/\">\n\t\t\t<div class=\"post-thumbnail-inner\">\n\t\t\t\t<img loading=\"lazy\" decoding=\"async\" width=\"768\" height=\"399\" src=\"https:\/\/demos.uniqeurope.com\/newday\/wp-content\/uploads\/2025\/08\/pubinho-768x399.png\" class=\"attachment-medium_large size-medium_large wp-post-image\" alt=\"Pubinno Smart Clean\" srcset=\"https:\/\/demos.uniqeurope.com\/newday\/wp-content\/uploads\/2025\/08\/pubinho-768x399.png 768w, https:\/\/demos.uniqeurope.com\/newday\/wp-content\/uploads\/2025\/08\/pubinho-300x156.png 300w, https:\/\/demos.uniqeurope.com\/newday\/wp-content\/uploads\/2025\/08\/pubinho-1024x531.png 1024w, https:\/\/demos.uniqeurope.com\/newday\/wp-content\/uploads\/2025\/08\/pubinho-1536x797.png 1536w, https:\/\/demos.uniqeurope.com\/newday\/wp-content\/uploads\/2025\/08\/pubinho-2048x1063.png 2048w\" sizes=\"auto, (max-width: 768px) 100vw, 768px\" \/>\t\t\t<\/div>\n\t\t<\/a><!-- .post-thumbnail -->\n\t\t\t<div class=\"entry-content-wrap\">\n\t\t<header class=\"entry-header\">\n\t<h2 class=\"entry-title\"><a href=\"https:\/\/demos.uniqeurope.com\/newday\/video\/pubinno-smart-clean\/\" rel=\"bookmark\">Pubinno Smart Clean<\/a><\/h2><\/header><!-- .entry-header -->\n<footer class=\"entry-footer\">\n\t<\/footer><!-- .entry-footer -->\t<\/div>\n<\/article>\n<article class=\"entry content-bg loop-entry post-447 video type-video status-publish has-post-thumbnail hentry category-commercials\">\n\t\t\t<a class=\"post-thumbnail kadence-thumbnail-ratio-1-2\" href=\"https:\/\/demos.uniqeurope.com\/newday\/video\/ozdilek-ruya-gibi-kahramanlar-tvc\/\">\n\t\t\t<div class=\"post-thumbnail-inner\">\n\t\t\t\t<img loading=\"lazy\" decoding=\"async\" width=\"768\" height=\"369\" src=\"https:\/\/demos.uniqeurope.com\/newday\/wp-content\/uploads\/2025\/08\/ozdilek-768x369.png\" class=\"attachment-medium_large size-medium_large wp-post-image\" alt=\"O\u0308zdilek &#8211; Ru\u0308ya Gibi Kahramanlar ( TVC)\" srcset=\"https:\/\/demos.uniqeurope.com\/newday\/wp-content\/uploads\/2025\/08\/ozdilek-768x369.png 768w, https:\/\/demos.uniqeurope.com\/newday\/wp-content\/uploads\/2025\/08\/ozdilek-300x144.png 300w, https:\/\/demos.uniqeurope.com\/newday\/wp-content\/uploads\/2025\/08\/ozdilek-1024x492.png 1024w, https:\/\/demos.uniqeurope.com\/newday\/wp-content\/uploads\/2025\/08\/ozdilek-1536x738.png 1536w, https:\/\/demos.uniqeurope.com\/newday\/wp-content\/uploads\/2025\/08\/ozdilek-2048x985.png 2048w\" sizes=\"auto, (max-width: 768px) 100vw, 768px\" \/>\t\t\t<\/div>\n\t\t<\/a><!-- .post-thumbnail -->\n\t\t\t<div class=\"entry-content-wrap\">\n\t\t<header class=\"entry-header\">\n\t<h2 class=\"entry-title\"><a href=\"https:\/\/demos.uniqeurope.com\/newday\/video\/ozdilek-ruya-gibi-kahramanlar-tvc\/\" rel=\"bookmark\">O\u0308zdilek &#8211; Ru\u0308ya Gibi Kahramanlar ( TVC)<\/a><\/h2><\/header><!-- .entry-header -->\n<footer class=\"entry-footer\">\n\t<\/footer><!-- .entry-footer -->\t<\/div>\n<\/article>\n<article class=\"entry content-bg loop-entry post-451 video type-video status-publish has-post-thumbnail hentry category-commercials\">\n\t\t\t<a class=\"post-thumbnail kadence-thumbnail-ratio-1-2\" href=\"https:\/\/demos.uniqeurope.com\/newday\/video\/sahin-sucuklari-tam-tadinda-lezzet-manti-tvc\/\">\n\t\t\t<div class=\"post-thumbnail-inner\">\n\t\t\t\t<img loading=\"lazy\" decoding=\"async\" width=\"768\" height=\"397\" src=\"https:\/\/demos.uniqeurope.com\/newday\/wp-content\/uploads\/2025\/08\/sahinsucuklari-768x397.png\" class=\"attachment-medium_large size-medium_large wp-post-image\" alt=\"\u015eahin Sucuklar\u0131 &#8211; Tam Tad\u0131nda Lezzet &#8221;Mant\u0131&#8221; ( TVC)\" srcset=\"https:\/\/demos.uniqeurope.com\/newday\/wp-content\/uploads\/2025\/08\/sahinsucuklari-768x397.png 768w, https:\/\/demos.uniqeurope.com\/newday\/wp-content\/uploads\/2025\/08\/sahinsucuklari-300x155.png 300w, https:\/\/demos.uniqeurope.com\/newday\/wp-content\/uploads\/2025\/08\/sahinsucuklari-1024x529.png 1024w, https:\/\/demos.uniqeurope.com\/newday\/wp-content\/uploads\/2025\/08\/sahinsucuklari-1536x794.png 1536w, https:\/\/demos.uniqeurope.com\/newday\/wp-content\/uploads\/2025\/08\/sahinsucuklari-2048x1058.png 2048w\" sizes=\"auto, (max-width: 768px) 100vw, 768px\" \/>\t\t\t<\/div>\n\t\t<\/a><!-- .post-thumbnail -->\n\t\t\t<div class=\"entry-content-wrap\">\n\t\t<header class=\"entry-header\">\n\t<h2 class=\"entry-title\"><a href=\"https:\/\/demos.uniqeurope.com\/newday\/video\/sahin-sucuklari-tam-tadinda-lezzet-manti-tvc\/\" rel=\"bookmark\">\u015eahin Sucuklar\u0131 &#8211; Tam Tad\u0131nda Lezzet &#8221;Mant\u0131&#8221; ( TVC)<\/a><\/h2><\/header><!-- .entry-header -->\n<footer class=\"entry-footer\">\n\t<\/footer><!-- .entry-footer -->\t<\/div>\n<\/article>\n<article class=\"entry content-bg loop-entry post-454 video type-video status-publish has-post-thumbnail hentry category-commercials\">\n\t\t\t<a class=\"post-thumbnail kadence-thumbnail-ratio-1-2\" href=\"https:\/\/demos.uniqeurope.com\/newday\/video\/kaytur-manti\/\">\n\t\t\t<div class=\"post-thumbnail-inner\">\n\t\t\t\t<img loading=\"lazy\" decoding=\"async\" width=\"768\" height=\"430\" src=\"https:\/\/demos.uniqeurope.com\/newday\/wp-content\/uploads\/2025\/08\/kaytur-768x430.png\" class=\"attachment-medium_large size-medium_large wp-post-image\" alt=\"Kaytur &#8211; Mant\u0131\" srcset=\"https:\/\/demos.uniqeurope.com\/newday\/wp-content\/uploads\/2025\/08\/kaytur-768x430.png 768w, https:\/\/demos.uniqeurope.com\/newday\/wp-content\/uploads\/2025\/08\/kaytur-300x168.png 300w, https:\/\/demos.uniqeurope.com\/newday\/wp-content\/uploads\/2025\/08\/kaytur-1024x573.png 1024w, https:\/\/demos.uniqeurope.com\/newday\/wp-content\/uploads\/2025\/08\/kaytur-1536x860.png 1536w, https:\/\/demos.uniqeurope.com\/newday\/wp-content\/uploads\/2025\/08\/kaytur-2048x1146.png 2048w\" sizes=\"auto, (max-width: 768px) 100vw, 768px\" \/>\t\t\t<\/div>\n\t\t<\/a><!-- .post-thumbnail -->\n\t\t\t<div class=\"entry-content-wrap\">\n\t\t<header class=\"entry-header\">\n\t<h2 class=\"entry-title\"><a href=\"https:\/\/demos.uniqeurope.com\/newday\/video\/kaytur-manti\/\" rel=\"bookmark\">Kaytur &#8211; Mant\u0131<\/a><\/h2><\/header><!-- .entry-header -->\n<footer class=\"entry-footer\">\n\t<\/footer><!-- .entry-footer -->\t<\/div>\n<\/article>\n<article class=\"entry content-bg loop-entry post-457 video type-video status-publish has-post-thumbnail hentry category-commercials\">\n\t\t\t<a class=\"post-thumbnail kadence-thumbnail-ratio-1-2\" href=\"https:\/\/demos.uniqeurope.com\/newday\/video\/biletall-bu-kolayligi-seviyorum-ucak-tvc\/\">\n\t\t\t<div class=\"post-thumbnail-inner\">\n\t\t\t\t<img loading=\"lazy\" decoding=\"async\" width=\"768\" height=\"502\" src=\"https:\/\/demos.uniqeurope.com\/newday\/wp-content\/uploads\/2025\/08\/biletall-768x502.png\" class=\"attachment-medium_large size-medium_large wp-post-image\" alt=\"Biletall &#8211; Bu Kolayl\u0131\u011f\u0131 Seviyorum &#8221;U\u00e7ak&#8221; ( TVC)\" srcset=\"https:\/\/demos.uniqeurope.com\/newday\/wp-content\/uploads\/2025\/08\/biletall-768x502.png 768w, https:\/\/demos.uniqeurope.com\/newday\/wp-content\/uploads\/2025\/08\/biletall-300x196.png 300w, https:\/\/demos.uniqeurope.com\/newday\/wp-content\/uploads\/2025\/08\/biletall-1024x670.png 1024w, https:\/\/demos.uniqeurope.com\/newday\/wp-content\/uploads\/2025\/08\/biletall-1536x1005.png 1536w, https:\/\/demos.uniqeurope.com\/newday\/wp-content\/uploads\/2025\/08\/biletall-2048x1340.png 2048w\" sizes=\"auto, (max-width: 768px) 100vw, 768px\" \/>\t\t\t<\/div>\n\t\t<\/a><!-- .post-thumbnail -->\n\t\t\t<div class=\"entry-content-wrap\">\n\t\t<header class=\"entry-header\">\n\t<h2 class=\"entry-title\"><a href=\"https:\/\/demos.uniqeurope.com\/newday\/video\/biletall-bu-kolayligi-seviyorum-ucak-tvc\/\" rel=\"bookmark\">Biletall &#8211; Bu Kolayl\u0131\u011f\u0131 Seviyorum &#8221;U\u00e7ak&#8221; ( TVC)<\/a><\/h2><\/header><!-- .entry-header -->\n<footer class=\"entry-footer\">\n\t<\/footer><!-- .entry-footer -->\t<\/div>\n<\/article>\n<\/div><\/div>\n","protected":false},"excerpt":{"rendered":"<p>LATEST<\/p>\n","protected":false},"author":1,"featured_media":0,"parent":0,"menu_order":0,"comment_status":"closed","ping_status":"open","template":"","meta":{"_acf_changed":false,"footnotes":""},"class_list":["post-2","page","type-page","status-publish","hentry"],"acf":[],"mb":[],"mfb_rest_fields":["title"],"_links":{"self":[{"href":"https:\/\/demos.uniqeurope.com\/newday\/wp-json\/wp\/v2\/pages\/2","targetHints":{"allow":["GET"]}}],"collection":[{"href":"https:\/\/demos.uniqeurope.com\/newday\/wp-json\/wp\/v2\/pages"}],"about":[{"href":"https:\/\/demos.uniqeurope.com\/newday\/wp-json\/wp\/v2\/types\/page"}],"author":[{"embeddable":true,"href":"https:\/\/demos.uniqeurope.com\/newday\/wp-json\/wp\/v2\/users\/1"}],"replies":[{"embeddable":true,"href":"https:\/\/demos.uniqeurope.com\/newday\/wp-json\/wp\/v2\/comments?post=2"}],"version-history":[{"count":41,"href":"https:\/\/demos.uniqeurope.com\/newday\/wp-json\/wp\/v2\/pages\/2\/revisions"}],"predecessor-version":[{"id":481,"href":"https:\/\/demos.uniqeurope.com\/newday\/wp-json\/wp\/v2\/pages\/2\/revisions\/481"}],"wp:attachment":[{"href":"https:\/\/demos.uniqeurope.com\/newday\/wp-json\/wp\/v2\/media?parent=2"}],"curies":[{"name":"wp","href":"https:\/\/api.w.org\/{rel}","templated":true}]}}